{"id":6,"date":"2016-11-18T09:59:49","date_gmt":"2016-11-18T08:59:49","guid":{"rendered":"http:\/\/www.aufgeschnuert.at\/?page_id=6"},"modified":"2021-02-01T22:50:17","modified_gmt":"2021-02-01T21:50:17","slug":"einzelberatung","status":"publish","type":"page","link":"http:\/\/sorgenwerkstatt.at\/?page_id=6","title":{"rendered":"Einzelberatung"},"content":{"rendered":"<div id=\"pl-6\"  class=\"panel-layout\" ><div id=\"pg-6-0\"  class=\"panel-grid panel-no-style\" ><div id=\"pgc-6-0-0\"  class=\"panel-grid-cell\" ><div id=\"panel-6-0-0-0\" class=\"so-panel widget widget_sow-image panel-first-child panel-last-child\" data-index=\"0\" ><div class=\"so-widget-sow-image so-widget-sow-image-default-4b231843ec72\">\n\n<div class=\"sow-image-container\">\n\t<img src=\"http:\/\/sorgenwerkstatt.at\/wp-content\/uploads\/2020\/10\/WhatsApp-Image-2020-10-13-at-14.00.30-e1603041767874.jpeg\" width=\"1596\" height=\"1064\" srcset=\"http:\/\/sorgenwerkstatt.at\/wp-content\/uploads\/2020\/10\/WhatsApp-Image-2020-10-13-at-14.00.30-e1603041767874.jpeg 1596w, http:\/\/sorgenwerkstatt.at\/wp-content\/uploads\/2020\/10\/WhatsApp-Image-2020-10-13-at-14.00.30-e1603041767874-300x200.jpeg 300w, http:\/\/sorgenwerkstatt.at\/wp-content\/uploads\/2020\/10\/WhatsApp-Image-2020-10-13-at-14.00.30-e1603041767874-1024x683.jpeg 1024w, http:\/\/sorgenwerkstatt.at\/wp-content\/uploads\/2020\/10\/WhatsApp-Image-2020-10-13-at-14.00.30-e1603041767874-768x512.jpeg 768w, http:\/\/sorgenwerkstatt.at\/wp-content\/uploads\/2020\/10\/WhatsApp-Image-2020-10-13-at-14.00.30-e1603041767874-1536x1024.jpeg 1536w, http:\/\/sorgenwerkstatt.at\/wp-content\/uploads\/2020\/10\/WhatsApp-Image-2020-10-13-at-14.00.30-e1603041767874-272x182.jpeg 272w\" sizes=\"(max-width: 1596px) 100vw, 1596px\" title=\"WhatsApp Image 2020-10-13 at 14.00.30\" alt=\"Einzelberatung\" \t\tclass=\"so-widget-image\"\/>\n<\/div>\n\n<\/div><\/div><\/div><\/div><div id=\"pg-6-1\"  class=\"panel-grid panel-no-style\" ><div id=\"pgc-6-1-0\"  class=\"panel-grid-cell panel-grid-cell-empty\" ><\/div><div id=\"pgc-6-1-1\"  class=\"panel-grid-cell panel-grid-cell-mobile-last\" ><div id=\"panel-6-1-1-0\" class=\"so-panel widget widget_text panel-first-child panel-last-child\" data-index=\"1\" ><h3 class=\"widget-title\">Das Leben ein Geschenk?<\/h3>\t\t\t<div class=\"textwidget\"><p>Sie f\u00fchlen sich gerade nicht so?!<br \/>\nSie sind ersch\u00f6pft, angespannt unkonzentriert, schlaflos, wiederkehrende unl\u00f6sbare Konflikte zerm\u00fcrben Sie, Entscheidungen fallen Ihnen schwer, Ihre Gedanken laufen im Kreis\u2026 Ihr K\u00f6rper schmerzt. Ihr Leben, Ihre Beziehung, Ihre Familien- oder Arbeitssituation belasten Sie gerade sehr? Dann sind Sie bei mir genau richtig! Gemeinsam finden wir die L\u00f6sung, m\u00f6glicherweise als Geschenk in Ihrer Geschichte!<br \/>\nIch freue mich auf ein kostenloses Kennenlerngespr\u00e4ch!<\/p>\n<\/div>\n\t\t<\/div><\/div><div id=\"pgc-6-1-2\"  class=\"panel-grid-cell panel-grid-cell-empty\" ><\/div><\/div><div id=\"pg-6-2\"  class=\"panel-grid panel-no-style\" ><div id=\"pgc-6-2-0\"  class=\"panel-grid-cell panel-grid-cell-empty\" ><\/div><div id=\"pgc-6-2-1\"  class=\"panel-grid-cell panel-grid-cell-mobile-last\" ><div id=\"panel-6-2-1-0\" class=\"so-panel widget widget_text panel-first-child panel-last-child\" data-index=\"2\" ><h3 class=\"widget-title\">Kontaktieren Sie mich f\u00fcr ein kostenloses Kennenlern Gespr\u00e4ch!<\/h3>\t\t\t<div class=\"textwidget\"><div role=\"form\" class=\"wpcf7\" id=\"wpcf7-f45-o1\" lang=\"de-DE\" dir=\"ltr\">\n<div class=\"screen-reader-response\" role=\"alert\" aria-live=\"polite\"><\/div>\n<form action=\"\/index.php?rest_route=%2Fwp%2Fv2%2Fpages%2F6#wpcf7-f45-o1\" method=\"post\" class=\"wpcf7-form init\" novalidate=\"novalidate\">\n<div style=\"display: none;\">\n<input type=\"hidden\" name=\"_wpcf7\" value=\"45\" \/><br \/>\n<input type=\"hidden\" name=\"_wpcf7_version\" value=\"5.2.2\" \/><br \/>\n<input type=\"hidden\" name=\"_wpcf7_locale\" value=\"de_DE\" \/><br \/>\n<input type=\"hidden\" name=\"_wpcf7_unit_tag\" value=\"wpcf7-f45-o1\" \/><br \/>\n<input type=\"hidden\" name=\"_wpcf7_container_post\" value=\"0\" \/><br \/>\n<input type=\"hidden\" name=\"_wpcf7_posted_data_hash\" value=\"\" \/>\n<\/div>\n<p><label> Ihr Name*<br \/>\n    <span class=\"wpcf7-form-control-wrap your-name\"><input type=\"text\" name=\"your-name\" value=\"\" size=\"40\" class=\"wpcf7-form-control wpcf7-text wpcf7-validates-as-required\" aria-required=\"true\" aria-invalid=\"false\" \/><\/span> <\/label><\/p>\n<p><label> Ihre E-Mail-Adresse*<br \/>\n    <span class=\"wpcf7-form-control-wrap your-email\"><input type=\"email\" name=\"your-email\" value=\"\" size=\"40\" class=\"wpcf7-form-control wpcf7-text wpcf7-email wpcf7-validates-as-required wpcf7-validates-as-email\" aria-required=\"true\" aria-invalid=\"false\" \/><\/span> <\/label><\/p>\n<p><label> Betreff<br \/>\n    <span class=\"wpcf7-form-control-wrap your-subject\"><input type=\"text\" name=\"your-subject\" value=\"\" size=\"40\" class=\"wpcf7-form-control wpcf7-text\" aria-invalid=\"false\" \/><\/span> <\/label><\/p>\n<p><label> Ihre Nachricht<br \/>\n    <span class=\"wpcf7-form-control-wrap your-message\"><textarea name=\"your-message\" cols=\"40\" rows=\"10\" class=\"wpcf7-form-control wpcf7-textarea\" aria-invalid=\"false\"><\/textarea><\/span> <\/label><\/p>\n<p><input type=\"submit\" value=\"Senden\" class=\"wpcf7-form-control wpcf7-submit\" \/><\/p>\n<div class=\"wpcf7-response-output\" role=\"alert\" aria-hidden=\"true\"><\/div>\n<\/form>\n<\/div>\n<\/div>\n\t\t<\/div><\/div><div id=\"pgc-6-2-2\"  class=\"panel-grid-cell panel-grid-cell-empty\" ><\/div><\/div><\/div>","protected":false},"excerpt":{"rendered":"<p>Sie f\u00fchlen sich gerade nicht so?! Sie sind ersch\u00f6pft, angespannt unkonzentriert, schlaflos, wiederkehrende unl\u00f6sbare Konflikte zerm\u00fcrben Sie, Entscheidungen fallen Ihnen schwer, Ihre Gedanken laufen im Kreis\u2026 Ihr K\u00f6rper schmerzt. Ihr Leben, Ihre Beziehung, Ihre Familien- oder Arbeitssituation belasten Sie gerade sehr? Dann sind Sie bei mir genau richtig! Gemeinsam finden wir die L\u00f6sung, m\u00f6glicherweise als [&hellip;]<\/p>\n","protected":false},"author":1,"featured_media":0,"parent":0,"menu_order":0,"comment_status":"closed","ping_status":"closed","template":"","meta":[],"amp_validity":null,"amp_enabled":true,"_links":{"self":[{"href":"http:\/\/sorgenwerkstatt.at\/index.php?rest_route=\/wp\/v2\/pages\/6"}],"collection":[{"href":"http:\/\/sorgenwerkstatt.at\/index.php?rest_route=\/wp\/v2\/pages"}],"about":[{"href":"http:\/\/sorgenwerkstatt.at\/index.php?rest_route=\/wp\/v2\/types\/page"}],"author":[{"embeddable":true,"href":"http:\/\/sorgenwerkstatt.at\/index.php?rest_route=\/wp\/v2\/users\/1"}],"replies":[{"embeddable":true,"href":"http:\/\/sorgenwerkstatt.at\/index.php?rest_route=%2Fwp%2Fv2%2Fcomments&post=6"}],"version-history":[{"count":46,"href":"http:\/\/sorgenwerkstatt.at\/index.php?rest_route=\/wp\/v2\/pages\/6\/revisions"}],"predecessor-version":[{"id":305,"href":"http:\/\/sorgenwerkstatt.at\/index.php?rest_route=\/wp\/v2\/pages\/6\/revisions\/305"}],"wp:attachment":[{"href":"http:\/\/sorgenwerkstatt.at\/index.php?rest_route=%2Fwp%2Fv2%2Fmedia&parent=6"}],"curies":[{"name":"wp","href":"https:\/\/api.w.org\/{rel}","templated":true}]}}